{"id":51,"date":"2017-10-15T14:36:51","date_gmt":"2017-10-15T14:36:51","guid":{"rendered":"http:\/\/asohainburg.ac.at\/wordpress\/?page_id=51"},"modified":"2018-12-08T18:49:05","modified_gmt":"2018-12-08T18:49:05","slug":"leitbild","status":"publish","type":"page","link":"https:\/\/asohainburg.ac.at\/wordpress\/2-seite\/leitbild\/","title":{"rendered":"Leitbild"},"content":{"rendered":"<blockquote><p><span style=\"color: #333333; font-family: Calibri; font-size: medium;\">In unserer Schule werden alle Kinder mit jedem seiner St\u00e4rken und Schw\u00e4chen angenommen und individuell gef\u00f6rdert. Jedes einzelne Kind bekommt was es braucht.<\/span><\/p>\n<p><span style=\"color: #333333; font-family: Calibri; font-size: medium;\">Einen besonderen Stellenwert nimmt das lebenspraktische Training ein, um die Kinder auf ihre Zukunft vorzubereiten.<\/span><\/p>\n<p><span style=\"color: #333333; font-family: Calibri; font-size: medium;\">Wir m\u00f6chten unseren Sch\u00fclerInnen die Geborgenheit in der Kleingruppe und die Freude am Lernen erm\u00f6glichen.<\/span><\/p>\n<p><span style=\"color: #333333; font-family: Calibri; font-size: medium;\">Wir legen Wert auf das Einhalten von Regeln und den wertsch\u00e4tzenden Umgang mit den anderen Kindern und allen Erwachsenen im Haus.<\/span><\/p>\n<p><span style=\"color: #333333; font-family: Calibri; font-size: medium;\">Die Unterst\u00fctzung und Entwicklung unserer Sch\u00fctzlinge wird von unseren Mitarbeitern individuell begleitet und mit kreativen Ideen und Mitteln gef\u00f6rdert.<\/span><\/p>\n<p>&nbsp;<\/p><\/blockquote>\n","protected":false},"excerpt":{"rendered":"<p>In unserer Schule werden alle Kinder mit jedem seiner St\u00e4rken und Schw\u00e4chen angenommen und individuell gef\u00f6rdert. Jedes einzelne Kind bekommt was es braucht. Einen besonderen Stellenwert nimmt das lebenspraktische Training ein, um die Kinder auf ihre Zukunft vorzubereiten. Wir m\u00f6chten unseren Sch\u00fclerInnen die Geborgenheit in der Kleingruppe und die Freude<\/p>\n","protected":false},"author":1,"featured_media":0,"parent":18,"menu_order":0,"comment_status":"closed","ping_status":"closed","template":"","meta":{"footnotes":""},"_links":{"self":[{"href":"https:\/\/asohainburg.ac.at\/wordpress\/wp-json\/wp\/v2\/pages\/51"}],"collection":[{"href":"https:\/\/asohainburg.ac.at\/wordpress\/wp-json\/wp\/v2\/pages"}],"about":[{"href":"https:\/\/asohainburg.ac.at\/wordpress\/wp-json\/wp\/v2\/types\/page"}],"author":[{"embeddable":true,"href":"https:\/\/asohainburg.ac.at\/wordpress\/wp-json\/wp\/v2\/users\/1"}],"replies":[{"embeddable":true,"href":"https:\/\/asohainburg.ac.at\/wordpress\/wp-json\/wp\/v2\/comments?post=51"}],"version-history":[{"count":4,"href":"https:\/\/asohainburg.ac.at\/wordpress\/wp-json\/wp\/v2\/pages\/51\/revisions"}],"predecessor-version":[{"id":878,"href":"https:\/\/asohainburg.ac.at\/wordpress\/wp-json\/wp\/v2\/pages\/51\/revisions\/878"}],"up":[{"embeddable":true,"href":"https:\/\/asohainburg.ac.at\/wordpress\/wp-json\/wp\/v2\/pages\/18"}],"wp:attachment":[{"href":"https:\/\/asohainburg.ac.at\/wordpress\/wp-json\/wp\/v2\/media?parent=51"}],"curies":[{"name":"wp","href":"https:\/\/api.w.org\/{rel}","templated":true}]}}